{"id":52,"date":"2025-05-22T20:32:45","date_gmt":"2025-05-22T20:32:45","guid":{"rendered":"https:\/\/jubilerpryzmat.pl\/?page_id=52"},"modified":"2025-06-11T12:56:20","modified_gmt":"2025-06-11T12:56:20","slug":"polityka-prywatnosci","status":"publish","type":"page","link":"https:\/\/jubilerpryzmat.pl\/index.php\/polityka-prywatnosci\/","title":{"rendered":"Polityka prywatnosci"},"content":{"rendered":"<h2 class=\"wp-block-heading\">\u00a71 Postanowienia og\u00f3lne<\/h2><ol class=\"wp-block-list\"><li>Niniejszy dokument okre\u015bla Polityk\u0119 Prywatno\u015bci sklepu Jubiler Pryzmat kt\u00f3ra w szczeg\u00f3lno\u015bci obejmuje regulacje dotycz\u0105ce ochrony danych osobowych oraz bezpiecze\u0144stwa innych danych wprowadzonych do Serwisu przez U\u017cytkownika.<\/li>\n\n<li>Polityka Prywatno\u015bci stanowi integralny za\u0142\u0105cznik do Regulaminu.<\/li><\/ol><h2 class=\"wp-block-heading\">\u00a72 Definicje<\/h2><p>Terminy u\u017cyte w niniejszym dokumencie oznaczaj\u0105:<\/p><ol class=\"wp-block-list\"><li>Administrator \u2013 Firma Handlowo-Us\u0142ugowa Pryzmat Edyta \u0141azowska Piotr \u0141azowski Sp\u00f3\u0142ka Cywilna Ul. Floria\u0144ska 42 31-021 Krak\u00f3w NIP 6762305362<\/li>\n\n<li>Serwis \u2013 strona internetowa pod adresem www.jubilerpryzmat.pl oraz wszelkie jej podstrony,<\/li>\n\n<li>Strony \u2013 Administrator i U\u017cytkownik,<\/li>\n\n<li>U\u017cytkownik \u2013 osoba fizyczna, kt\u00f3ra korzysta z Serwisu i podaje w jego ramach swoje dane<\/li><\/ol><h2 class=\"wp-block-heading\">\u00a73 Ochrona danych osobowych<\/h2><ol class=\"wp-block-list\"><li>Administrator jest Administratorem danych osobowych w rozumieniu rozporz\u0105dzenia o ochronie danych osobowych z dnia 27 kwietnia 2016 r. (RODO).<\/li>\n\n<li>Administrator przetwarza dane w zakresie, czasie i celach ka\u017cdorazowo wskazanych w tre\u015bciach udost\u0119pnionych pod formularzami s\u0142u\u017c\u0105cymi do zbierania danych osobowych od U\u017cytkownika.<\/li>\n\n<li>Dane osobowe b\u0119d\u0105 przekazywane wy\u0142\u0105cznie zaufanym podwykonawcom Administratora, tj. dostawcom us\u0142ug informatycznych, firmie ksi\u0119gowej, administracji.<\/li><\/ol><h2 class=\"wp-block-heading\">\u00a74 Uprawnienia u\u017cytkownika<\/h2><ol class=\"wp-block-list\"><li>W przypadku zmiany danych osobowych, U\u017cytkownik powinien uaktualni\u0107 je wysy\u0142aj\u0105c stosown\u0105 wiadomo\u015b\u0107 do Administratora.<\/li>\n\n<li>U\u017cytkownikowi przys\u0142uguje prawo \u017c\u0105dania dost\u0119pu do tre\u015bci swoich danych osobowych, ich sprostowania, usuni\u0119cia oraz prawo do ograniczenia ich przetwarzania. Ponadto tak\u017ce prawo do cofni\u0119cia zgody w dowolnym momencie bez wp\u0142ywu na zgodno\u015b\u0107 z prawem przetwarzania, prawo do przenoszenia danych oraz prawo do wniesienia sprzeciwu wobec przetwarzania danych osobowych.<\/li>\n\n<li>U\u017cytkownikowi przys\u0142uguje prawo wniesienia skargi do Prezesa Urz\u0119du Ochrony Danych Osobowych.<\/li>\n\n<li>Podanie danych osobowych jest dobrowolne, jednak\u017ce brak wyra\u017cenia zgody na przetwarzanie danych uniemo\u017cliwia korzystanie z Serwisu.<\/li>\n\n<li>Administrator mo\u017ce odm\u00f3wi\u0107 usuni\u0119cia danych osobowych U\u017cytkownika, je\u017celi zachowanie danych osobowych jest konieczne ze wzgl\u0119du na obowi\u0105zek na\u0142o\u017cony na Administratora przez przepisy prawa.<\/li><\/ol><h2 class=\"wp-block-heading\">\u00a75 Techniczna ochrona danych<\/h2><ol class=\"wp-block-list\"><li>Administrator wykorzystuje wszelkie techniczne i organizacyjne sposoby, by zapewni\u0107 bezpiecze\u0144stwo danym osobowym U\u017cytkownika i chroni\u0107 je przed przypadkowym lub celowym zniszczeniem, przypadkow\u0105 utrat\u0105, modyfikacj\u0105, nieautoryzowanym ujawnieniem lub dost\u0119pem. Informacje s\u0105 przechowywane i przetwarzane na serwerach o wysokim stopniu zabezpiecze\u0144, z zachowaniem odpowiednich \u015brodk\u00f3w bezpiecze\u0144stwa, spe\u0142niaj\u0105cych wymogi polskiego prawa.<\/li>\n\n<li>Administrator zobowi\u0105zuje si\u0119 do przechowywania kopii bezpiecze\u0144stwa zawieraj\u0105cych dane osobowe U\u017cytkownika.<\/li>\n\n<li>Powierzone dane s\u0105 sk\u0142adowane na najwy\u017cszej klasy sprz\u0119cie i serwerach w odpowiednio zabezpieczonych centrach przechowywania informacji, do kt\u00f3rych dost\u0119p maj\u0105 tylko upowa\u017cnione osoby.<\/li>\n\n<li>Administrator przeprowadza czynno\u015bci zwi\u0105zane z przetwarzaniem danych osobowych z poszanowaniem wszystkich wymog\u00f3w prawnych i technicznych na\u0142o\u017conych na niego przez przepisy dotycz\u0105ce ochrony danych osobowych.<\/li><\/ol><h2 class=\"wp-block-heading\">\u00a76 Polityka cookies<\/h2><ol class=\"wp-block-list\"><li>Dla wygody U\u017cytkownik\u00f3w Serwis u\u017cywa plik\u00f3w cookies m.in. w celu dostosowania serwisu do potrzeb u\u017cytkownik\u00f3w oraz w celach statystycznych. Cookies to niewielkie pliki tekstowe wysy\u0142ane przez serwis internetowy, kt\u00f3ry odwiedza internauta, do urz\u0105dzenia internauty.<\/li>\n\n<li>W ramach Serwisu stosowane s\u0105 dwa typy plik\u00f3w cookies: \u201csesyjne (session cookies) oraz \u201csta\u0142e\u201d (persistent cookies). Cookies \u201csesyjne\u201d s\u0105 plikami tymczasowymi, kt\u00f3re przechowywane s\u0105 w urz\u0105dzeniu ko\u0144cowym U\u017cytkownika do czasu wylogowania, opuszczenia strony internetowej lub wy\u0142\u0105czenia oprogramowania (przegl\u0105darki internetowej). Sta\u0142e\u201d pliki cookies przechowywane s\u0105 w urz\u0105dzeniu ko\u0144cowym U\u017cytkownika przez czas okre\u015blony w parametrach plik\u00f3w cookies lub do czasu ich usuni\u0119cia przez U\u017cytkownika.<\/li>\n\n<li>W Serwisie wykorzystujemy nast\u0119puj\u0105ce rodzaje plik\u00f3w Cookies:<ul class=\"wp-block-list\"><li>\u201cniezb\u0119dne\u201d \u2013 umo\u017cliwiaj\u0105 korzystanie z us\u0142ug dost\u0119pnych w ramach Serwisu, np. wykorzystywane przy obs\u0142udze autoryzacji u\u017cytkownik\u00f3w,<\/li>\n\n<li>\u201czabezpieczaj\u0105ce\u201d \u2013 s\u0142u\u017c\u0105 do zapewnienia bezpiecze\u0144stwa, np. wykorzystywane do wykrywania nadu\u017cy\u0107 w zakresie korzystania z us\u0142ug Serwisu,<\/li>\n\n<li>&nbsp;\u201cwydajno\u015bciowe\u201d \u2013 umo\u017cliwiaj\u0105 zbieranie informacji o sposobie korzystania z Serwisu,<\/li>\n\n<li>\u201cfunkcjonalne\u201d \u2013 umo\u017cliwiaj\u0105 zapami\u0119tanie wybranych przez U\u017cytkownika ustawie\u0144 i personalizacj\u0119 interfejsu U\u017cytkownika, np. w zakresie wybranego j\u0119zyka lub regionu, z kt\u00f3rego pochodzi U\u017cytkownik, rozmiaru czcionki, wygl\u0105du Serwisu itp.,<\/li>\n\n<li>\u201creklamowe\u201d \u2013 umo\u017cliwiaj\u0105 dostarczanie U\u017cytkownikom tre\u015bci reklamowych bardziej dostosowanych do ich zainteresowa\u0144,<\/li>\n\n<li>\u201cintegracyjne\u201d \u2013 zwi\u0105zane s\u0105 z wykorzystywanymi w Serwisie us\u0142ugami firm trzecich.<\/li><\/ul><\/li><\/ol><h2 class=\"wp-block-heading\">\u00a77 Logi<\/h2><ol class=\"wp-block-list\"><li>Zgodnie z praktyk\u0105 wi\u0119kszo\u015bci serwis\u00f3w www przechowujemy zapytania HTTP kierowane do naszego serwera (logi serwera). W zwi\u0105zku z powy\u017cszym przechowujemy:<ul class=\"wp-block-list\"><li>adresy IP, z kt\u00f3rych u\u017cytkownicy przegl\u0105daj\u0105 tre\u015bci informacyjne naszego serwisu;<\/li>\n\n<li>czas nadej\u015bcia zapytania,<\/li>\n\n<li>czas wys\u0142ania odpowiedzi,<\/li>\n\n<li>nazw\u0119 stacji klienta \u2013 identyfikacja realizowana przez protok\u00f3\u0142 HTTP,<\/li>\n\n<li>informacje o b\u0142\u0119dach jakie nast\u0105pi\u0142y przy realizacji transakcji HTTP,<\/li>\n\n<li>adres URL strony poprzednio odwiedzanej przez u\u017cytkownika (referer link),<\/li>\n\n<li>informacje o przegl\u0105darce u\u017cytkownika.<\/li><\/ul><\/li>\n\n<li>Dane gromadzone w dziennikach log\u00f3w, dane s\u0105 wykorzystywane tylko i wy\u0142\u0105cznie do cel\u00f3w administrowania Serwisem.<\/li>\n\n<li>Zebrane logi przechowywane s\u0105 przez czas nieokre\u015blony jako materia\u0142 pomocniczy s\u0142u\u017c\u0105cy do administrowania Serwisem. Informacje w nich zawarte nie s\u0105 ujawniane nikomu poza osobami upowa\u017cnionymi do administrowania Serwisem. Na podstawie plik\u00f3w log\u00f3w mog\u0105 by\u0107 generowane statystyki stanowi\u0105ce pomoc w administrowaniu. Zbiorcze podsumowania w postaci takich statystyk nie zawieraj\u0105 \u017cadnych cech identyfikuj\u0105cych osoby odwiedzaj\u0105ce serwis.<\/li><\/ol><h2 class=\"wp-block-heading\">\u00a78 Kontakt<\/h2><ol class=\"wp-block-list\"><li>U\u017cytkownik mo\u017ce w dowolnym czasie skontaktowa\u0107 si\u0119 z Administratorem w celu uzyskania informacji o tym, czy i w jaki spos\u00f3b Administrator wykorzystuje jego dane osobowe.<\/li>\n\n<li>U\u017cytkownik mo\u017ce r\u00f3wnie\u017c zwr\u00f3ci\u0107 si\u0119 do Administratora z pro\u015bb\u0105 o usuni\u0119cie jego danych osobowych w ca\u0142o\u015bci lub w okre\u015blonej cz\u0119\u015bci.<\/li>\n\n<li>Z Administratorem mo\u017cna skontaktowa\u0107 si\u0119 wysy\u0142aj\u0105c wiadomo\u015b\u0107 na adres e-mail: kontakt@jubilerpryzmat.pl.<\/li><\/ol>","protected":false},"excerpt":{"rendered":"<p>\u00a71 Postanowienia og\u00f3lne \u00a72 Definicje Terminy u\u017cyte w niniejszym dokumencie oznaczaj\u0105: \u00a73 Ochrona danych osobowych \u00a74 Uprawnienia u\u017cytkownika \u00a75 Techniczna ochrona danych \u00a76 Polityka cookies \u00a77 Logi \u00a78 Kontakt<\/p>\n","protected":false},"author":1,"featured_media":0,"parent":0,"menu_order":0,"comment_status":"closed","ping_status":"closed","template":"","meta":{"footnotes":""},"class_list":["post-52","page","type-page","status-publish","hentry"],"yoast_head":"<!-- This site is optimized with the Yoast SEO plugin v25.1 - https:\/\/yoast.com\/wordpress\/plugins\/seo\/ -->\n<title>Polityka prywatnosci - Jubiler Pryzmat<\/title>\n<meta name=\"robots\" content=\"index, follow, max-snippet:-1, max-image-preview:large, max-video-preview:-1\" \/>\n<link rel=\"canonical\" href=\"https:\/\/jubilerpryzmat.pl\/index.php\/polityka-prywatnosci\/\" \/>\n<meta property=\"og:locale\" content=\"pl_PL\" \/>\n<meta property=\"og:type\" content=\"article\" \/>\n<meta property=\"og:title\" content=\"Polityka prywatnosci - Jubiler Pryzmat\" \/>\n<meta property=\"og:description\" content=\"\u00a71 Postanowienia og\u00f3lne \u00a72 Definicje Terminy u\u017cyte w niniejszym dokumencie oznaczaj\u0105: \u00a73 Ochrona danych osobowych \u00a74 Uprawnienia u\u017cytkownika \u00a75 Techniczna ochrona danych \u00a76 Polityka cookies \u00a77 Logi \u00a78 Kontakt\" \/>\n<meta property=\"og:url\" content=\"https:\/\/jubilerpryzmat.pl\/index.php\/polityka-prywatnosci\/\" \/>\n<meta property=\"og:site_name\" content=\"Jubiler Pryzmat\" \/>\n<meta property=\"article:modified_time\" content=\"2025-06-11T12:56:20+00:00\" \/>\n<meta name=\"twitter:card\" content=\"summary_large_image\" \/>\n<meta name=\"twitter:label1\" content=\"Szacowany czas czytania\" \/>\n\t<meta name=\"twitter:data1\" content=\"5 minut\" \/>\n<script type=\"application\/ld+json\" class=\"yoast-schema-graph\">{\"@context\":\"https:\/\/schema.org\",\"@graph\":[{\"@type\":\"WebPage\",\"@id\":\"https:\/\/jubilerpryzmat.pl\/index.php\/polityka-prywatnosci\/\",\"url\":\"https:\/\/jubilerpryzmat.pl\/index.php\/polityka-prywatnosci\/\",\"name\":\"Polityka prywatnosci - Jubiler Pryzmat\",\"isPartOf\":{\"@id\":\"https:\/\/jubilerpryzmat.pl\/#website\"},\"datePublished\":\"2025-05-22T20:32:45+00:00\",\"dateModified\":\"2025-06-11T12:56:20+00:00\",\"breadcrumb\":{\"@id\":\"https:\/\/jubilerpryzmat.pl\/index.php\/polityka-prywatnosci\/#breadcrumb\"},\"inLanguage\":\"pl-PL\",\"potentialAction\":[{\"@type\":\"ReadAction\",\"target\":[\"https:\/\/jubilerpryzmat.pl\/index.php\/polityka-prywatnosci\/\"]}]},{\"@type\":\"BreadcrumbList\",\"@id\":\"https:\/\/jubilerpryzmat.pl\/index.php\/polityka-prywatnosci\/#breadcrumb\",\"itemListElement\":[{\"@type\":\"ListItem\",\"position\":1,\"name\":\"Strona g\u0142\u00f3wna\",\"item\":\"https:\/\/jubilerpryzmat.pl\/\"},{\"@type\":\"ListItem\",\"position\":2,\"name\":\"Polityka prywatnosci\"}]},{\"@type\":\"WebSite\",\"@id\":\"https:\/\/jubilerpryzmat.pl\/#website\",\"url\":\"https:\/\/jubilerpryzmat.pl\/\",\"name\":\"jubilerpryzmat.pl\",\"description\":\"Pier\u015bcionki, Naszyjniki, Zegarki Jubiler Pryzmat\",\"publisher\":{\"@id\":\"https:\/\/jubilerpryzmat.pl\/#organization\"},\"potentialAction\":[{\"@type\":\"SearchAction\",\"target\":{\"@type\":\"EntryPoint\",\"urlTemplate\":\"https:\/\/jubilerpryzmat.pl\/?s={search_term_string}\"},\"query-input\":{\"@type\":\"PropertyValueSpecification\",\"valueRequired\":true,\"valueName\":\"search_term_string\"}}],\"inLanguage\":\"pl-PL\"},{\"@type\":\"Organization\",\"@id\":\"https:\/\/jubilerpryzmat.pl\/#organization\",\"name\":\"jubilerpryzmat.pl\",\"url\":\"https:\/\/jubilerpryzmat.pl\/\",\"logo\":{\"@type\":\"ImageObject\",\"inLanguage\":\"pl-PL\",\"@id\":\"https:\/\/jubilerpryzmat.pl\/#\/schema\/logo\/image\/\",\"url\":\"https:\/\/jubilerpryzmat.pl\/wp-content\/uploads\/2025\/05\/image0.jpeg\",\"contentUrl\":\"https:\/\/jubilerpryzmat.pl\/wp-content\/uploads\/2025\/05\/image0.jpeg\",\"width\":1241,\"height\":1218,\"caption\":\"jubilerpryzmat.pl\"},\"image\":{\"@id\":\"https:\/\/jubilerpryzmat.pl\/#\/schema\/logo\/image\/\"}}]}<\/script>\n<!-- \/ Yoast SEO plugin. -->","yoast_head_json":{"title":"Polityka prywatnosci - Jubiler Pryzmat","robots":{"index":"index","follow":"follow","max-snippet":"max-snippet:-1","max-image-preview":"max-image-preview:large","max-video-preview":"max-video-preview:-1"},"canonical":"https:\/\/jubilerpryzmat.pl\/index.php\/polityka-prywatnosci\/","og_locale":"pl_PL","og_type":"article","og_title":"Polityka prywatnosci - Jubiler Pryzmat","og_description":"\u00a71 Postanowienia og\u00f3lne \u00a72 Definicje Terminy u\u017cyte w niniejszym dokumencie oznaczaj\u0105: \u00a73 Ochrona danych osobowych \u00a74 Uprawnienia u\u017cytkownika \u00a75 Techniczna ochrona danych \u00a76 Polityka cookies \u00a77 Logi \u00a78 Kontakt","og_url":"https:\/\/jubilerpryzmat.pl\/index.php\/polityka-prywatnosci\/","og_site_name":"Jubiler Pryzmat","article_modified_time":"2025-06-11T12:56:20+00:00","twitter_card":"summary_large_image","twitter_misc":{"Szacowany czas czytania":"5 minut"},"schema":{"@context":"https:\/\/schema.org","@graph":[{"@type":"WebPage","@id":"https:\/\/jubilerpryzmat.pl\/index.php\/polityka-prywatnosci\/","url":"https:\/\/jubilerpryzmat.pl\/index.php\/polityka-prywatnosci\/","name":"Polityka prywatnosci - Jubiler Pryzmat","isPartOf":{"@id":"https:\/\/jubilerpryzmat.pl\/#website"},"datePublished":"2025-05-22T20:32:45+00:00","dateModified":"2025-06-11T12:56:20+00:00","breadcrumb":{"@id":"https:\/\/jubilerpryzmat.pl\/index.php\/polityka-prywatnosci\/#breadcrumb"},"inLanguage":"pl-PL","potentialAction":[{"@type":"ReadAction","target":["https:\/\/jubilerpryzmat.pl\/index.php\/polityka-prywatnosci\/"]}]},{"@type":"BreadcrumbList","@id":"https:\/\/jubilerpryzmat.pl\/index.php\/polityka-prywatnosci\/#breadcrumb","itemListElement":[{"@type":"ListItem","position":1,"name":"Strona g\u0142\u00f3wna","item":"https:\/\/jubilerpryzmat.pl\/"},{"@type":"ListItem","position":2,"name":"Polityka prywatnosci"}]},{"@type":"WebSite","@id":"https:\/\/jubilerpryzmat.pl\/#website","url":"https:\/\/jubilerpryzmat.pl\/","name":"jubilerpryzmat.pl","description":"Pier\u015bcionki, Naszyjniki, Zegarki Jubiler Pryzmat","publisher":{"@id":"https:\/\/jubilerpryzmat.pl\/#organization"},"potentialAction":[{"@type":"SearchAction","target":{"@type":"EntryPoint","urlTemplate":"https:\/\/jubilerpryzmat.pl\/?s={search_term_string}"},"query-input":{"@type":"PropertyValueSpecification","valueRequired":true,"valueName":"search_term_string"}}],"inLanguage":"pl-PL"},{"@type":"Organization","@id":"https:\/\/jubilerpryzmat.pl\/#organization","name":"jubilerpryzmat.pl","url":"https:\/\/jubilerpryzmat.pl\/","logo":{"@type":"ImageObject","inLanguage":"pl-PL","@id":"https:\/\/jubilerpryzmat.pl\/#\/schema\/logo\/image\/","url":"https:\/\/jubilerpryzmat.pl\/wp-content\/uploads\/2025\/05\/image0.jpeg","contentUrl":"https:\/\/jubilerpryzmat.pl\/wp-content\/uploads\/2025\/05\/image0.jpeg","width":1241,"height":1218,"caption":"jubilerpryzmat.pl"},"image":{"@id":"https:\/\/jubilerpryzmat.pl\/#\/schema\/logo\/image\/"}}]}},"jetpack_sharing_enabled":true,"post_mailing_queue_ids":[],"_links":{"self":[{"href":"https:\/\/jubilerpryzmat.pl\/index.php\/wp-json\/wp\/v2\/pages\/52","targetHints":{"allow":["GET"]}}],"collection":[{"href":"https:\/\/jubilerpryzmat.pl\/index.php\/wp-json\/wp\/v2\/pages"}],"about":[{"href":"https:\/\/jubilerpryzmat.pl\/index.php\/wp-json\/wp\/v2\/types\/page"}],"author":[{"embeddable":true,"href":"https:\/\/jubilerpryzmat.pl\/index.php\/wp-json\/wp\/v2\/users\/1"}],"replies":[{"embeddable":true,"href":"https:\/\/jubilerpryzmat.pl\/index.php\/wp-json\/wp\/v2\/comments?post=52"}],"version-history":[{"count":5,"href":"https:\/\/jubilerpryzmat.pl\/index.php\/wp-json\/wp\/v2\/pages\/52\/revisions"}],"predecessor-version":[{"id":374,"href":"https:\/\/jubilerpryzmat.pl\/index.php\/wp-json\/wp\/v2\/pages\/52\/revisions\/374"}],"wp:attachment":[{"href":"https:\/\/jubilerpryzmat.pl\/index.php\/wp-json\/wp\/v2\/media?parent=52"}],"curies":[{"name":"wp","href":"https:\/\/api.w.org\/{rel}","templated":true}]}}