{"id":15,"date":"2025-05-22T17:41:16","date_gmt":"2025-05-22T17:41:16","guid":{"rendered":"https:\/\/jubilerpryzmat.pl\/?page_id=15"},"modified":"2025-06-25T16:49:41","modified_gmt":"2025-06-25T16:49:41","slug":"kontakt","status":"publish","type":"page","link":"https:\/\/jubilerpryzmat.pl\/index.php\/kontakt\/","title":{"rendered":"Kontakt"},"content":{"rendered":"<div class=\"wp-block-group alignfull has-global-padding is-layout-constrained wp-block-group-is-layout-constrained\"><div class=\"wp-block-group alignwide is-style-section-1 has-global-padding is-layout-constrained wp-block-group-is-layout-constrained is-style-section-1--1\" style=\"border-radius:15px\"><div class=\"wp-block-columns alignwide is-layout-flex wp-container-core-columns-is-layout-f3e73c6b wp-block-columns-is-layout-flex\" style=\"border-radius:15px;padding-top:var(--wp--preset--spacing--30);padding-right:var(--wp--preset--spacing--30);padding-bottom:var(--wp--preset--spacing--30);padding-left:var(--wp--preset--spacing--30)\"><div class=\"wp-block-column has-gentium-plus-font-family is-layout-flow wp-block-column-is-layout-flow\"><pre class=\"wp-block-preformatted has-gentium-plus-font-family has-medium-font-size\"><mark style=\"background-color:rgba(0, 0, 0, 0)\" class=\"has-inline-color has-theme-4-color\"><strong>Masz pytania? Skontaktuj si\u0119 z nami!<\/strong><\/mark><br>Cieszymy si\u0119, \u017ce jeste\u015b tutaj! Je\u015bli masz pytania dotycz\u0105ce naszej bi\u017cuterii, potrzebujesz porady przy wyborze prezentu lub chcesz z\u0142o\u017cy\u0107 zam\u00f3wienie indywidualne \u2013 jeste\u015bmy do Twojej dyspozycji.<br><br>Wype\u0142nij formularz kontaktowy obok, a odpowiemy na Twoj\u0105 wiadomo\u015b\u0107 najszybciej, jak to mo\u017cliwe \u2013 zazwyczaj w ci\u0105gu 24 godzin.<br><br><mark style=\"background-color:rgba(0, 0, 0, 0)\" class=\"has-inline-color has-theme-4-color\">Mo\u017cesz te\u017c skontaktowa\u0107 si\u0119 z nami bezpo\u015brednio:<\/mark><br><br>E-mail: kontakt@jubilerpryzmat.pl<br>Telefon: +48 12 42 22 557<br>Godziny pracy: Pon\u2013Pt: 10:00\u201319:00<br><br>Chcesz nas odwiedzi\u0107 osobi\u015bcie? Nasz salon znajduje si\u0119 przy ul. Floria\u0144ska 42, 31-021 Krak\u00f3w. B\u0119dzie nam bardzo mi\u0142o Ci\u0119 go\u015bci\u0107!<\/pre><\/div>\n\n<div class=\"wp-block-column is-layout-flow wp-block-column-is-layout-flow\"><h2 class=\"wp-block-heading has-text-align-left\">Formularz kontaktowy<\/h2>\n\n\n<div class=\"wpcf7 no-js\" id=\"wpcf7-f126-o1\" lang=\"pl-PL\" dir=\"ltr\" data-wpcf7-id=\"126\">\n<div class=\"screen-reader-response\"><p role=\"status\" aria-live=\"polite\" aria-atomic=\"true\"><\/p> <ul><\/ul><\/div>\n<form action=\"\/index.php\/wp-json\/wp\/v2\/pages\/15#wpcf7-f126-o1\" method=\"post\" class=\"wpcf7-form init\" aria-label=\"Formularz kontaktowy\" novalidate=\"novalidate\" data-status=\"init\">\n<div style=\"display: none;\">\n<input type=\"hidden\" name=\"_wpcf7\" value=\"126\" \/>\n<input type=\"hidden\" name=\"_wpcf7_version\" value=\"6.0.6\" \/>\n<input type=\"hidden\" name=\"_wpcf7_locale\" value=\"pl_PL\" \/>\n<input type=\"hidden\" name=\"_wpcf7_unit_tag\" value=\"wpcf7-f126-o1\" \/>\n<input type=\"hidden\" name=\"_wpcf7_container_post\" value=\"0\" \/>\n<input type=\"hidden\" name=\"_wpcf7_posted_data_hash\" value=\"\" \/>\n<\/div>\n<p><label> Twoje imi\u0119 i nazwisko<br \/>\n<span class=\"wpcf7-form-control-wrap\" data-name=\"your-name\"><input size=\"40\" maxlength=\"400\" class=\"wpcf7-form-control wpcf7-text wpcf7-validates-as-required\" autocomplete=\"name\" aria-required=\"true\" aria-invalid=\"false\" value=\"\" type=\"text\" name=\"your-name\" \/><\/span> <\/label>\n<\/p>\n<p><label> Tw\u00f3j adres e-mail<br \/>\n<span class=\"wpcf7-form-control-wrap\" data-name=\"your-email\"><input size=\"40\" maxlength=\"400\" class=\"wpcf7-form-control wpcf7-email wpcf7-validates-as-required wpcf7-text wpcf7-validates-as-email\" autocomplete=\"email\" aria-required=\"true\" aria-invalid=\"false\" value=\"\" type=\"email\" name=\"your-email\" \/><\/span> <\/label>\n<\/p>\n<p><label> Temat<br \/>\n<span class=\"wpcf7-form-control-wrap\" data-name=\"your-subject\"><input size=\"40\" maxlength=\"400\" class=\"wpcf7-form-control wpcf7-text wpcf7-validates-as-required\" aria-required=\"true\" aria-invalid=\"false\" value=\"\" type=\"text\" name=\"your-subject\" \/><\/span> <\/label>\n<\/p>\n<p><label> Twoja wiadomo\u015b\u0107<br \/>\n<span class=\"wpcf7-form-control-wrap\" data-name=\"your-message\"><textarea cols=\"40\" rows=\"10\" maxlength=\"2000\" class=\"wpcf7-form-control wpcf7-textarea wpcf7-validates-as-required\" aria-required=\"true\" aria-invalid=\"false\" name=\"your-message\"><\/textarea><\/span> <\/label>\n<\/p>\n<p><input class=\"wpcf7-form-control wpcf7-submit has-spinner\" type=\"submit\" value=\"Wy\u015blij\" \/>\n<\/p><div class=\"wpcf7-response-output\" aria-hidden=\"true\"><\/div>\n<\/form>\n<\/div>\n<\/div><\/div><\/div><\/div>","protected":false},"excerpt":{"rendered":"<p>Masz pytania? Skontaktuj si\u0119 z nami!Cieszymy si\u0119, \u017ce jeste\u015b tutaj! Je\u015bli masz pytania dotycz\u0105ce naszej bi\u017cuterii, potrzebujesz porady przy wyborze prezentu lub chcesz z\u0142o\u017cy\u0107 zam\u00f3wienie indywidualne \u2013 jeste\u015bmy do Twojej dyspozycji.Wype\u0142nij formularz kontaktowy obok, a odpowiemy na Twoj\u0105 wiadomo\u015b\u0107 najszybciej, jak to mo\u017cliwe \u2013 zazwyczaj w ci\u0105gu 24 godzin.Mo\u017cesz te\u017c skontaktowa\u0107 si\u0119 z nami bezpo\u015brednio:E-mail: [&hellip;]<\/p>\n","protected":false},"author":1,"featured_media":0,"parent":0,"menu_order":0,"comment_status":"closed","ping_status":"closed","template":"","meta":{"footnotes":""},"class_list":["post-15","page","type-page","status-publish","hentry"],"yoast_head":"<!-- This site is optimized with the Yoast SEO plugin v25.1 - https:\/\/yoast.com\/wordpress\/plugins\/seo\/ -->\n<title>Kontakt - Jubiler Pryzmat<\/title>\n<meta name=\"robots\" content=\"index, follow, max-snippet:-1, max-image-preview:large, max-video-preview:-1\" \/>\n<link rel=\"canonical\" href=\"https:\/\/jubilerpryzmat.pl\/index.php\/kontakt\/\" \/>\n<meta property=\"og:locale\" content=\"pl_PL\" \/>\n<meta property=\"og:type\" content=\"article\" \/>\n<meta property=\"og:title\" content=\"Kontakt - Jubiler Pryzmat\" \/>\n<meta property=\"og:description\" content=\"Masz pytania? Skontaktuj si\u0119 z nami!Cieszymy si\u0119, \u017ce jeste\u015b tutaj! Je\u015bli masz pytania dotycz\u0105ce naszej bi\u017cuterii, potrzebujesz porady przy wyborze prezentu lub chcesz z\u0142o\u017cy\u0107 zam\u00f3wienie indywidualne \u2013 jeste\u015bmy do Twojej dyspozycji.Wype\u0142nij formularz kontaktowy obok, a odpowiemy na Twoj\u0105 wiadomo\u015b\u0107 najszybciej, jak to mo\u017cliwe \u2013 zazwyczaj w ci\u0105gu 24 godzin.Mo\u017cesz te\u017c skontaktowa\u0107 si\u0119 z nami bezpo\u015brednio:E-mail: [&hellip;]\" \/>\n<meta property=\"og:url\" content=\"https:\/\/jubilerpryzmat.pl\/index.php\/kontakt\/\" \/>\n<meta property=\"og:site_name\" content=\"Jubiler Pryzmat\" \/>\n<meta property=\"article:modified_time\" content=\"2025-06-25T16:49:41+00:00\" \/>\n<meta name=\"twitter:card\" content=\"summary_large_image\" \/>\n<meta name=\"twitter:label1\" content=\"Szacowany czas czytania\" \/>\n\t<meta name=\"twitter:data1\" content=\"1 minuta\" \/>\n<script type=\"application\/ld+json\" class=\"yoast-schema-graph\">{\"@context\":\"https:\/\/schema.org\",\"@graph\":[{\"@type\":\"WebPage\",\"@id\":\"https:\/\/jubilerpryzmat.pl\/index.php\/kontakt\/\",\"url\":\"https:\/\/jubilerpryzmat.pl\/index.php\/kontakt\/\",\"name\":\"Kontakt - Jubiler Pryzmat\",\"isPartOf\":{\"@id\":\"https:\/\/jubilerpryzmat.pl\/#website\"},\"datePublished\":\"2025-05-22T17:41:16+00:00\",\"dateModified\":\"2025-06-25T16:49:41+00:00\",\"breadcrumb\":{\"@id\":\"https:\/\/jubilerpryzmat.pl\/index.php\/kontakt\/#breadcrumb\"},\"inLanguage\":\"pl-PL\",\"potentialAction\":[{\"@type\":\"ReadAction\",\"target\":[\"https:\/\/jubilerpryzmat.pl\/index.php\/kontakt\/\"]}]},{\"@type\":\"BreadcrumbList\",\"@id\":\"https:\/\/jubilerpryzmat.pl\/index.php\/kontakt\/#breadcrumb\",\"itemListElement\":[{\"@type\":\"ListItem\",\"position\":1,\"name\":\"Strona g\u0142\u00f3wna\",\"item\":\"https:\/\/jubilerpryzmat.pl\/\"},{\"@type\":\"ListItem\",\"position\":2,\"name\":\"Kontakt\"}]},{\"@type\":\"WebSite\",\"@id\":\"https:\/\/jubilerpryzmat.pl\/#website\",\"url\":\"https:\/\/jubilerpryzmat.pl\/\",\"name\":\"jubilerpryzmat.pl\",\"description\":\"Pier\u015bcionki, Naszyjniki, Zegarki Jubiler Pryzmat\",\"publisher\":{\"@id\":\"https:\/\/jubilerpryzmat.pl\/#organization\"},\"potentialAction\":[{\"@type\":\"SearchAction\",\"target\":{\"@type\":\"EntryPoint\",\"urlTemplate\":\"https:\/\/jubilerpryzmat.pl\/?s={search_term_string}\"},\"query-input\":{\"@type\":\"PropertyValueSpecification\",\"valueRequired\":true,\"valueName\":\"search_term_string\"}}],\"inLanguage\":\"pl-PL\"},{\"@type\":\"Organization\",\"@id\":\"https:\/\/jubilerpryzmat.pl\/#organization\",\"name\":\"jubilerpryzmat.pl\",\"url\":\"https:\/\/jubilerpryzmat.pl\/\",\"logo\":{\"@type\":\"ImageObject\",\"inLanguage\":\"pl-PL\",\"@id\":\"https:\/\/jubilerpryzmat.pl\/#\/schema\/logo\/image\/\",\"url\":\"https:\/\/jubilerpryzmat.pl\/wp-content\/uploads\/2025\/05\/image0.jpeg\",\"contentUrl\":\"https:\/\/jubilerpryzmat.pl\/wp-content\/uploads\/2025\/05\/image0.jpeg\",\"width\":1241,\"height\":1218,\"caption\":\"jubilerpryzmat.pl\"},\"image\":{\"@id\":\"https:\/\/jubilerpryzmat.pl\/#\/schema\/logo\/image\/\"}}]}<\/script>\n<!-- \/ Yoast SEO plugin. -->","yoast_head_json":{"title":"Kontakt - Jubiler Pryzmat","robots":{"index":"index","follow":"follow","max-snippet":"max-snippet:-1","max-image-preview":"max-image-preview:large","max-video-preview":"max-video-preview:-1"},"canonical":"https:\/\/jubilerpryzmat.pl\/index.php\/kontakt\/","og_locale":"pl_PL","og_type":"article","og_title":"Kontakt - Jubiler Pryzmat","og_description":"Masz pytania? Skontaktuj si\u0119 z nami!Cieszymy si\u0119, \u017ce jeste\u015b tutaj! Je\u015bli masz pytania dotycz\u0105ce naszej bi\u017cuterii, potrzebujesz porady przy wyborze prezentu lub chcesz z\u0142o\u017cy\u0107 zam\u00f3wienie indywidualne \u2013 jeste\u015bmy do Twojej dyspozycji.Wype\u0142nij formularz kontaktowy obok, a odpowiemy na Twoj\u0105 wiadomo\u015b\u0107 najszybciej, jak to mo\u017cliwe \u2013 zazwyczaj w ci\u0105gu 24 godzin.Mo\u017cesz te\u017c skontaktowa\u0107 si\u0119 z nami bezpo\u015brednio:E-mail: [&hellip;]","og_url":"https:\/\/jubilerpryzmat.pl\/index.php\/kontakt\/","og_site_name":"Jubiler Pryzmat","article_modified_time":"2025-06-25T16:49:41+00:00","twitter_card":"summary_large_image","twitter_misc":{"Szacowany czas czytania":"1 minuta"},"schema":{"@context":"https:\/\/schema.org","@graph":[{"@type":"WebPage","@id":"https:\/\/jubilerpryzmat.pl\/index.php\/kontakt\/","url":"https:\/\/jubilerpryzmat.pl\/index.php\/kontakt\/","name":"Kontakt - Jubiler Pryzmat","isPartOf":{"@id":"https:\/\/jubilerpryzmat.pl\/#website"},"datePublished":"2025-05-22T17:41:16+00:00","dateModified":"2025-06-25T16:49:41+00:00","breadcrumb":{"@id":"https:\/\/jubilerpryzmat.pl\/index.php\/kontakt\/#breadcrumb"},"inLanguage":"pl-PL","potentialAction":[{"@type":"ReadAction","target":["https:\/\/jubilerpryzmat.pl\/index.php\/kontakt\/"]}]},{"@type":"BreadcrumbList","@id":"https:\/\/jubilerpryzmat.pl\/index.php\/kontakt\/#breadcrumb","itemListElement":[{"@type":"ListItem","position":1,"name":"Strona g\u0142\u00f3wna","item":"https:\/\/jubilerpryzmat.pl\/"},{"@type":"ListItem","position":2,"name":"Kontakt"}]},{"@type":"WebSite","@id":"https:\/\/jubilerpryzmat.pl\/#website","url":"https:\/\/jubilerpryzmat.pl\/","name":"jubilerpryzmat.pl","description":"Pier\u015bcionki, Naszyjniki, Zegarki Jubiler Pryzmat","publisher":{"@id":"https:\/\/jubilerpryzmat.pl\/#organization"},"potentialAction":[{"@type":"SearchAction","target":{"@type":"EntryPoint","urlTemplate":"https:\/\/jubilerpryzmat.pl\/?s={search_term_string}"},"query-input":{"@type":"PropertyValueSpecification","valueRequired":true,"valueName":"search_term_string"}}],"inLanguage":"pl-PL"},{"@type":"Organization","@id":"https:\/\/jubilerpryzmat.pl\/#organization","name":"jubilerpryzmat.pl","url":"https:\/\/jubilerpryzmat.pl\/","logo":{"@type":"ImageObject","inLanguage":"pl-PL","@id":"https:\/\/jubilerpryzmat.pl\/#\/schema\/logo\/image\/","url":"https:\/\/jubilerpryzmat.pl\/wp-content\/uploads\/2025\/05\/image0.jpeg","contentUrl":"https:\/\/jubilerpryzmat.pl\/wp-content\/uploads\/2025\/05\/image0.jpeg","width":1241,"height":1218,"caption":"jubilerpryzmat.pl"},"image":{"@id":"https:\/\/jubilerpryzmat.pl\/#\/schema\/logo\/image\/"}}]}},"jetpack_sharing_enabled":true,"post_mailing_queue_ids":[],"_links":{"self":[{"href":"https:\/\/jubilerpryzmat.pl\/index.php\/wp-json\/wp\/v2\/pages\/15","targetHints":{"allow":["GET"]}}],"collection":[{"href":"https:\/\/jubilerpryzmat.pl\/index.php\/wp-json\/wp\/v2\/pages"}],"about":[{"href":"https:\/\/jubilerpryzmat.pl\/index.php\/wp-json\/wp\/v2\/types\/page"}],"author":[{"embeddable":true,"href":"https:\/\/jubilerpryzmat.pl\/index.php\/wp-json\/wp\/v2\/users\/1"}],"replies":[{"embeddable":true,"href":"https:\/\/jubilerpryzmat.pl\/index.php\/wp-json\/wp\/v2\/comments?post=15"}],"version-history":[{"count":13,"href":"https:\/\/jubilerpryzmat.pl\/index.php\/wp-json\/wp\/v2\/pages\/15\/revisions"}],"predecessor-version":[{"id":392,"href":"https:\/\/jubilerpryzmat.pl\/index.php\/wp-json\/wp\/v2\/pages\/15\/revisions\/392"}],"wp:attachment":[{"href":"https:\/\/jubilerpryzmat.pl\/index.php\/wp-json\/wp\/v2\/media?parent=15"}],"curies":[{"name":"wp","href":"https:\/\/api.w.org\/{rel}","templated":true}]}}